{"id":986,"date":"2024-11-14T15:25:29","date_gmt":"2024-11-14T15:25:29","guid":{"rendered":"https:\/\/www.endocrinologopediatracdmx.com.mx\/land\/?page_id=986"},"modified":"2024-11-14T15:25:31","modified_gmt":"2024-11-14T15:25:31","slug":"endocrinologo-infantil-en-cdmx-whatsapp","status":"publish","type":"page","link":"https:\/\/www.endocrinologopediatracdmx.com.mx\/land\/endocrinologo-infantil-en-cdmx-whatsapp\/","title":{"rendered":"Endocrin\u00f3logo Infantil en CDMX WhatsApp"},"content":{"rendered":"","protected":false},"excerpt":{"rendered":"","protected":false},"author":3,"featured_media":966,"parent":0,"menu_order":0,"comment_status":"closed","ping_status":"closed","template":"elementor_theme","meta":{"_acf_changed":false,"footnotes":""},"class_list":["post-986","page","type-page","status-publish","has-post-thumbnail","hentry"],"acf":[],"yoast_head":"<!-- This site is optimized with the Yoast SEO plugin v26.0 - https:\/\/yoast.com\/wordpress\/plugins\/seo\/ -->\n<title>Endocrin\u00f3logo Infantil en CDMX WhatsApp - Endocrinolog&iacute;a Pedi&aacute;trica en CDMX - Dr. Ren&eacute;<\/title>\n<meta name=\"description\" content=\"Consulta con el Dr. Ren\u00e9 Salazar, endocrin\u00f3logo infantil en CDMX. Experto en diabetes, problemas de tiroides y pubertad precoz en ni\u00f1os. Tratamientos efectivos y atenci\u00f3n personalizada.\" \/>\n<meta name=\"robots\" content=\"index, follow, max-snippet:-1, max-image-preview:large, max-video-preview:-1\" \/>\n<link rel=\"canonical\" href=\"https:\/\/www.endocrinologopediatracdmx.com.mx\/land\/endocrinologo-infantil-en-cdmx-whatsapp\/\" \/>\n<meta property=\"og:locale\" content=\"es_ES\" \/>\n<meta property=\"og:type\" content=\"article\" \/>\n<meta property=\"og:title\" content=\"Endocrin\u00f3logo Infantil en CDMX WhatsApp - Endocrinolog&iacute;a Pedi&aacute;trica en CDMX - Dr. Ren&eacute;\" \/>\n<meta property=\"og:description\" content=\"Consulta con el Dr. Ren\u00e9 Salazar, endocrin\u00f3logo infantil en CDMX. Experto en diabetes, problemas de tiroides y pubertad precoz en ni\u00f1os. Tratamientos efectivos y atenci\u00f3n personalizada.\" \/>\n<meta property=\"og:url\" content=\"https:\/\/www.endocrinologopediatracdmx.com.mx\/land\/endocrinologo-infantil-en-cdmx-whatsapp\/\" \/>\n<meta property=\"og:site_name\" content=\"Endocrinolog&iacute;a Pedi&aacute;trica en CDMX - Dr. Ren&eacute;\" \/>\n<meta property=\"article:modified_time\" content=\"2024-11-14T15:25:31+00:00\" \/>\n<meta property=\"og:image\" content=\"https:\/\/www.endocrinologopediatracdmx.com.mx\/land\/wp-content\/uploads\/2024\/11\/dr-rene-salazar-e1731536938952.jpg\" \/>\n\t<meta property=\"og:image:width\" content=\"960\" \/>\n\t<meta property=\"og:image:height\" content=\"960\" \/>\n\t<meta property=\"og:image:type\" content=\"image\/jpeg\" \/>\n<meta name=\"twitter:card\" content=\"summary_large_image\" \/>\n<meta name=\"twitter:label1\" content=\"Tiempo de lectura\" \/>\n\t<meta name=\"twitter:data1\" content=\"1 minuto\" \/>\n<script type=\"application\/ld+json\" class=\"yoast-schema-graph\">{\"@context\":\"https:\/\/schema.org\",\"@graph\":[{\"@type\":\"WebPage\",\"@id\":\"https:\/\/www.endocrinologopediatracdmx.com.mx\/land\/endocrinologo-infantil-en-cdmx-whatsapp\/\",\"url\":\"https:\/\/www.endocrinologopediatracdmx.com.mx\/land\/endocrinologo-infantil-en-cdmx-whatsapp\/\",\"name\":\"Endocrin\u00f3logo Infantil en CDMX WhatsApp - Endocrinolog&iacute;a Pedi&aacute;trica en CDMX - Dr. Ren&eacute;\",\"isPartOf\":{\"@id\":\"https:\/\/www.endocrinologopediatracdmx.com.mx\/land\/#website\"},\"primaryImageOfPage\":{\"@id\":\"https:\/\/www.endocrinologopediatracdmx.com.mx\/land\/endocrinologo-infantil-en-cdmx-whatsapp\/#primaryimage\"},\"image\":{\"@id\":\"https:\/\/www.endocrinologopediatracdmx.com.mx\/land\/endocrinologo-infantil-en-cdmx-whatsapp\/#primaryimage\"},\"thumbnailUrl\":\"https:\/\/www.endocrinologopediatracdmx.com.mx\/land\/wp-content\/uploads\/2024\/11\/dr-rene-salazar-e1731536938952.jpg\",\"datePublished\":\"2024-11-14T15:25:29+00:00\",\"dateModified\":\"2024-11-14T15:25:31+00:00\",\"description\":\"Consulta con el Dr. Ren\u00e9 Salazar, endocrin\u00f3logo infantil en CDMX. Experto en diabetes, problemas de tiroides y pubertad precoz en ni\u00f1os. Tratamientos efectivos y atenci\u00f3n personalizada.\",\"breadcrumb\":{\"@id\":\"https:\/\/www.endocrinologopediatracdmx.com.mx\/land\/endocrinologo-infantil-en-cdmx-whatsapp\/#breadcrumb\"},\"inLanguage\":\"es\",\"potentialAction\":[{\"@type\":\"ReadAction\",\"target\":[\"https:\/\/www.endocrinologopediatracdmx.com.mx\/land\/endocrinologo-infantil-en-cdmx-whatsapp\/\"]}]},{\"@type\":\"ImageObject\",\"inLanguage\":\"es\",\"@id\":\"https:\/\/www.endocrinologopediatracdmx.com.mx\/land\/endocrinologo-infantil-en-cdmx-whatsapp\/#primaryimage\",\"url\":\"https:\/\/www.endocrinologopediatracdmx.com.mx\/land\/wp-content\/uploads\/2024\/11\/dr-rene-salazar-e1731536938952.jpg\",\"contentUrl\":\"https:\/\/www.endocrinologopediatracdmx.com.mx\/land\/wp-content\/uploads\/2024\/11\/dr-rene-salazar-e1731536938952.jpg\",\"width\":960,\"height\":960},{\"@type\":\"BreadcrumbList\",\"@id\":\"https:\/\/www.endocrinologopediatracdmx.com.mx\/land\/endocrinologo-infantil-en-cdmx-whatsapp\/#breadcrumb\",\"itemListElement\":[{\"@type\":\"ListItem\",\"position\":1,\"name\":\"Home\",\"item\":\"https:\/\/www.endocrinologopediatracdmx.com.mx\/land\/\"},{\"@type\":\"ListItem\",\"position\":2,\"name\":\"Endocrin\u00f3logo Infantil en CDMX WhatsApp\"}]},{\"@type\":\"WebSite\",\"@id\":\"https:\/\/www.endocrinologopediatracdmx.com.mx\/land\/#website\",\"url\":\"https:\/\/www.endocrinologopediatracdmx.com.mx\/land\/\",\"name\":\"Endocrinolog&iacute;a Pedi&aacute;trica en CDMX - Dr. Ren&eacute;\",\"description\":\"Especialista en endocrinolog&iacute;a pedi&aacute;trica, con enfoque en el cuidado integral de los ni&ntilde;os y adolescentes.\",\"publisher\":{\"@id\":\"https:\/\/www.endocrinologopediatracdmx.com.mx\/land\/#organization\"},\"potentialAction\":[{\"@type\":\"SearchAction\",\"target\":{\"@type\":\"EntryPoint\",\"urlTemplate\":\"https:\/\/www.endocrinologopediatracdmx.com.mx\/land\/?s={search_term_string}\"},\"query-input\":{\"@type\":\"PropertyValueSpecification\",\"valueRequired\":true,\"valueName\":\"search_term_string\"}}],\"inLanguage\":\"es\"},{\"@type\":\"Organization\",\"@id\":\"https:\/\/www.endocrinologopediatracdmx.com.mx\/land\/#organization\",\"name\":\"Endocrinolog&iacute;a Pedi&aacute;trica en CDMX - Dr. Ren&eacute;\",\"url\":\"https:\/\/www.endocrinologopediatracdmx.com.mx\/land\/\",\"logo\":{\"@type\":\"ImageObject\",\"inLanguage\":\"es\",\"@id\":\"https:\/\/www.endocrinologopediatracdmx.com.mx\/land\/#\/schema\/logo\/image\/\",\"url\":\"https:\/\/www.endocrinologopediatracdmx.com.mx\/land\/wp-content\/uploads\/2024\/11\/logo.png\",\"contentUrl\":\"https:\/\/www.endocrinologopediatracdmx.com.mx\/land\/wp-content\/uploads\/2024\/11\/logo.png\",\"width\":150,\"height\":106,\"caption\":\"Endocrinolog&iacute;a Pedi&aacute;trica en CDMX - Dr. Ren&eacute;    \"},\"image\":{\"@id\":\"https:\/\/www.endocrinologopediatracdmx.com.mx\/land\/#\/schema\/logo\/image\/\"}}]}<\/script>\n<!-- \/ Yoast SEO plugin. -->","yoast_head_json":{"title":"Endocrin\u00f3logo Infantil en CDMX WhatsApp - Endocrinolog&iacute;a Pedi&aacute;trica en CDMX - Dr. Ren&eacute;","description":"Consulta con el Dr. Ren\u00e9 Salazar, endocrin\u00f3logo infantil en CDMX. Experto en diabetes, problemas de tiroides y pubertad precoz en ni\u00f1os. Tratamientos efectivos y atenci\u00f3n personalizada.","robots":{"index":"index","follow":"follow","max-snippet":"max-snippet:-1","max-image-preview":"max-image-preview:large","max-video-preview":"max-video-preview:-1"},"canonical":"https:\/\/www.endocrinologopediatracdmx.com.mx\/land\/endocrinologo-infantil-en-cdmx-whatsapp\/","og_locale":"es_ES","og_type":"article","og_title":"Endocrin\u00f3logo Infantil en CDMX WhatsApp - Endocrinolog&iacute;a Pedi&aacute;trica en CDMX - Dr. Ren&eacute;","og_description":"Consulta con el Dr. Ren\u00e9 Salazar, endocrin\u00f3logo infantil en CDMX. Experto en diabetes, problemas de tiroides y pubertad precoz en ni\u00f1os. Tratamientos efectivos y atenci\u00f3n personalizada.","og_url":"https:\/\/www.endocrinologopediatracdmx.com.mx\/land\/endocrinologo-infantil-en-cdmx-whatsapp\/","og_site_name":"Endocrinolog&iacute;a Pedi&aacute;trica en CDMX - Dr. Ren&eacute;","article_modified_time":"2024-11-14T15:25:31+00:00","og_image":[{"width":960,"height":960,"url":"https:\/\/www.endocrinologopediatracdmx.com.mx\/land\/wp-content\/uploads\/2024\/11\/dr-rene-salazar-e1731536938952.jpg","type":"image\/jpeg"}],"twitter_card":"summary_large_image","twitter_misc":{"Tiempo de lectura":"1 minuto"},"schema":{"@context":"https:\/\/schema.org","@graph":[{"@type":"WebPage","@id":"https:\/\/www.endocrinologopediatracdmx.com.mx\/land\/endocrinologo-infantil-en-cdmx-whatsapp\/","url":"https:\/\/www.endocrinologopediatracdmx.com.mx\/land\/endocrinologo-infantil-en-cdmx-whatsapp\/","name":"Endocrin\u00f3logo Infantil en CDMX WhatsApp - Endocrinolog&iacute;a Pedi&aacute;trica en CDMX - Dr. Ren&eacute;","isPartOf":{"@id":"https:\/\/www.endocrinologopediatracdmx.com.mx\/land\/#website"},"primaryImageOfPage":{"@id":"https:\/\/www.endocrinologopediatracdmx.com.mx\/land\/endocrinologo-infantil-en-cdmx-whatsapp\/#primaryimage"},"image":{"@id":"https:\/\/www.endocrinologopediatracdmx.com.mx\/land\/endocrinologo-infantil-en-cdmx-whatsapp\/#primaryimage"},"thumbnailUrl":"https:\/\/www.endocrinologopediatracdmx.com.mx\/land\/wp-content\/uploads\/2024\/11\/dr-rene-salazar-e1731536938952.jpg","datePublished":"2024-11-14T15:25:29+00:00","dateModified":"2024-11-14T15:25:31+00:00","description":"Consulta con el Dr. Ren\u00e9 Salazar, endocrin\u00f3logo infantil en CDMX. Experto en diabetes, problemas de tiroides y pubertad precoz en ni\u00f1os. Tratamientos efectivos y atenci\u00f3n personalizada.","breadcrumb":{"@id":"https:\/\/www.endocrinologopediatracdmx.com.mx\/land\/endocrinologo-infantil-en-cdmx-whatsapp\/#breadcrumb"},"inLanguage":"es","potentialAction":[{"@type":"ReadAction","target":["https:\/\/www.endocrinologopediatracdmx.com.mx\/land\/endocrinologo-infantil-en-cdmx-whatsapp\/"]}]},{"@type":"ImageObject","inLanguage":"es","@id":"https:\/\/www.endocrinologopediatracdmx.com.mx\/land\/endocrinologo-infantil-en-cdmx-whatsapp\/#primaryimage","url":"https:\/\/www.endocrinologopediatracdmx.com.mx\/land\/wp-content\/uploads\/2024\/11\/dr-rene-salazar-e1731536938952.jpg","contentUrl":"https:\/\/www.endocrinologopediatracdmx.com.mx\/land\/wp-content\/uploads\/2024\/11\/dr-rene-salazar-e1731536938952.jpg","width":960,"height":960},{"@type":"BreadcrumbList","@id":"https:\/\/www.endocrinologopediatracdmx.com.mx\/land\/endocrinologo-infantil-en-cdmx-whatsapp\/#breadcrumb","itemListElement":[{"@type":"ListItem","position":1,"name":"Home","item":"https:\/\/www.endocrinologopediatracdmx.com.mx\/land\/"},{"@type":"ListItem","position":2,"name":"Endocrin\u00f3logo Infantil en CDMX WhatsApp"}]},{"@type":"WebSite","@id":"https:\/\/www.endocrinologopediatracdmx.com.mx\/land\/#website","url":"https:\/\/www.endocrinologopediatracdmx.com.mx\/land\/","name":"Endocrinolog&iacute;a Pedi&aacute;trica en CDMX - Dr. Ren&eacute;","description":"Especialista en endocrinolog&iacute;a pedi&aacute;trica, con enfoque en el cuidado integral de los ni&ntilde;os y adolescentes.","publisher":{"@id":"https:\/\/www.endocrinologopediatracdmx.com.mx\/land\/#organization"},"potentialAction":[{"@type":"SearchAction","target":{"@type":"EntryPoint","urlTemplate":"https:\/\/www.endocrinologopediatracdmx.com.mx\/land\/?s={search_term_string}"},"query-input":{"@type":"PropertyValueSpecification","valueRequired":true,"valueName":"search_term_string"}}],"inLanguage":"es"},{"@type":"Organization","@id":"https:\/\/www.endocrinologopediatracdmx.com.mx\/land\/#organization","name":"Endocrinolog&iacute;a Pedi&aacute;trica en CDMX - Dr. Ren&eacute;","url":"https:\/\/www.endocrinologopediatracdmx.com.mx\/land\/","logo":{"@type":"ImageObject","inLanguage":"es","@id":"https:\/\/www.endocrinologopediatracdmx.com.mx\/land\/#\/schema\/logo\/image\/","url":"https:\/\/www.endocrinologopediatracdmx.com.mx\/land\/wp-content\/uploads\/2024\/11\/logo.png","contentUrl":"https:\/\/www.endocrinologopediatracdmx.com.mx\/land\/wp-content\/uploads\/2024\/11\/logo.png","width":150,"height":106,"caption":"Endocrinolog&iacute;a Pedi&aacute;trica en CDMX - Dr. Ren&eacute;    "},"image":{"@id":"https:\/\/www.endocrinologopediatracdmx.com.mx\/land\/#\/schema\/logo\/image\/"}}]}},"_links":{"self":[{"href":"https:\/\/www.endocrinologopediatracdmx.com.mx\/land\/wp-json\/wp\/v2\/pages\/986","targetHints":{"allow":["GET"]}}],"collection":[{"href":"https:\/\/www.endocrinologopediatracdmx.com.mx\/land\/wp-json\/wp\/v2\/pages"}],"about":[{"href":"https:\/\/www.endocrinologopediatracdmx.com.mx\/land\/wp-json\/wp\/v2\/types\/page"}],"author":[{"embeddable":true,"href":"https:\/\/www.endocrinologopediatracdmx.com.mx\/land\/wp-json\/wp\/v2\/users\/3"}],"replies":[{"embeddable":true,"href":"https:\/\/www.endocrinologopediatracdmx.com.mx\/land\/wp-json\/wp\/v2\/comments?post=986"}],"version-history":[{"count":1,"href":"https:\/\/www.endocrinologopediatracdmx.com.mx\/land\/wp-json\/wp\/v2\/pages\/986\/revisions"}],"predecessor-version":[{"id":987,"href":"https:\/\/www.endocrinologopediatracdmx.com.mx\/land\/wp-json\/wp\/v2\/pages\/986\/revisions\/987"}],"wp:featuredmedia":[{"embeddable":true,"href":"https:\/\/www.endocrinologopediatracdmx.com.mx\/land\/wp-json\/wp\/v2\/media\/966"}],"wp:attachment":[{"href":"https:\/\/www.endocrinologopediatracdmx.com.mx\/land\/wp-json\/wp\/v2\/media?parent=986"}],"curies":[{"name":"wp","href":"https:\/\/api.w.org\/{rel}","templated":true}]}}